{"id":10,"date":"2023-07-31T16:11:06","date_gmt":"2023-07-31T14:11:06","guid":{"rendered":"https:\/\/aucoeurdesceltes.com\/?page_id=10"},"modified":"2025-10-30T13:46:21","modified_gmt":"2025-10-30T12:46:21","slug":"accueil","status":"publish","type":"page","link":"https:\/\/aucoeurdesceltes.com\/","title":{"rendered":"Accueil"},"content":{"rendered":"\t\t<div data-elementor-type=\"wp-page\" data-elementor-id=\"10\" class=\"elementor elementor-10\">\n\t\t\t\t\t\t<section class=\"elementor-section elementor-top-section elementor-element elementor-element-57c0f98a elementor-section-full_width elementor-section-height-default elementor-section-height-default\" data-id=\"57c0f98a\" data-element_type=\"section\" data-settings=\"{&quot;background_background&quot;:&quot;classic&quot;}\">\n\t\t\t\t\t\t<div class=\"elementor-container elementor-column-gap-default\">\n\t\t\t\t\t<div class=\"elementor-column elementor-col-33 elementor-top-column elementor-element elementor-element-4491f0d7\" data-id=\"4491f0d7\" data-element_type=\"column\" data-settings=\"{&quot;background_background&quot;:&quot;classic&quot;}\">\n\t\t\t<div class=\"elementor-widget-wrap elementor-element-populated\">\n\t\t\t\t\t\t<div class=\"elementor-element elementor-element-46db6a9e elementor-widget elementor-widget-image\" data-id=\"46db6a9e\" data-element_type=\"widget\" data-widget_type=\"image.default\">\n\t\t\t\t<div class=\"elementor-widget-container\">\n\t\t\t\t\t\t\t\t\t\t\t\t\t\t\t<img decoding=\"async\" width=\"264\" height=\"105\" src=\"https:\/\/aucoeurdesceltes.com\/wp-content\/uploads\/2023\/08\/VERTfeuillegauche.jpg\" class=\"attachment-large size-large wp-image-332\" alt=\"feuille\" \/>\t\t\t\t\t\t\t\t\t\t\t\t\t\t\t<\/div>\n\t\t\t\t<\/div>\n\t\t\t\t\t<\/div>\n\t\t<\/div>\n\t\t\t\t<div class=\"elementor-column elementor-col-33 elementor-top-column elementor-element elementor-element-3ee927b8\" data-id=\"3ee927b8\" data-element_type=\"column\" data-settings=\"{&quot;background_background&quot;:&quot;classic&quot;}\">\n\t\t\t<div class=\"elementor-widget-wrap elementor-element-populated\">\n\t\t\t\t\t\t<div class=\"elementor-element elementor-element-6bdb639f elementor-widget elementor-widget-heading\" data-id=\"6bdb639f\" data-element_type=\"widget\" data-widget_type=\"heading.default\">\n\t\t\t\t<div class=\"elementor-widget-container\">\n\t\t\t\t\t<h1 class=\"elementor-heading-title elementor-size-xl\">Bienvenu<\/h1>\t\t\t\t<\/div>\n\t\t\t\t<\/div>\n\t\t\t\t\t<\/div>\n\t\t<\/div>\n\t\t\t\t<div class=\"elementor-column elementor-col-33 elementor-top-column elementor-element elementor-element-4a3744a5\" data-id=\"4a3744a5\" data-element_type=\"column\">\n\t\t\t<div class=\"elementor-widget-wrap elementor-element-populated\">\n\t\t\t\t\t\t<div class=\"elementor-element elementor-element-7e7603d7 elementor-widget elementor-widget-image\" data-id=\"7e7603d7\" data-element_type=\"widget\" data-widget_type=\"image.default\">\n\t\t\t\t<div class=\"elementor-widget-container\">\n\t\t\t\t\t\t\t\t\t\t\t\t\t\t\t<img decoding=\"async\" width=\"263\" height=\"108\" src=\"https:\/\/aucoeurdesceltes.com\/wp-content\/uploads\/2023\/08\/VERTfeuillesdroites.jpg\" class=\"attachment-large size-large wp-image-333\" alt=\"feuille\" \/>\t\t\t\t\t\t\t\t\t\t\t\t\t\t\t<\/div>\n\t\t\t\t<\/div>\n\t\t\t\t\t<\/div>\n\t\t<\/div>\n\t\t\t\t\t<\/div>\n\t\t<\/section>\n\t\t\t\t<section class=\"elementor-section elementor-top-section elementor-element elementor-element-604bf78 elementor-section-boxed elementor-section-height-default elementor-section-height-default\" data-id=\"604bf78\" data-element_type=\"section\" data-settings=\"{&quot;background_background&quot;:&quot;slideshow&quot;,&quot;background_slideshow_gallery&quot;:[{&quot;id&quot;:92,&quot;url&quot;:&quot;https:\\\/\\\/aucoeurdesceltes.com\\\/wp-content\\\/uploads\\\/2023\\\/08\\\/vecteezy_beautiful-forest-with-many-trees-sunlight-shines-through_1369977-scaled.jpg&quot;}],&quot;background_slideshow_loop&quot;:&quot;yes&quot;,&quot;background_slideshow_slide_duration&quot;:5000,&quot;background_slideshow_slide_transition&quot;:&quot;fade&quot;,&quot;background_slideshow_transition_duration&quot;:500}\">\n\t\t\t\t\t\t<div class=\"elementor-container elementor-column-gap-default\">\n\t\t\t\t\t<div class=\"elementor-column elementor-col-50 elementor-top-column elementor-element elementor-element-b39f02b\" data-id=\"b39f02b\" data-element_type=\"column\">\n\t\t\t<div class=\"elementor-widget-wrap elementor-element-populated\">\n\t\t\t\t\t\t<div class=\"elementor-element elementor-element-ec64489 elementor-widget elementor-widget-image\" data-id=\"ec64489\" data-element_type=\"widget\" data-widget_type=\"image.default\">\n\t\t\t\t<div class=\"elementor-widget-container\">\n\t\t\t\t\t\t\t\t\t\t\t\t\t\t\t<img fetchpriority=\"high\" decoding=\"async\" width=\"300\" height=\"300\" src=\"https:\/\/aucoeurdesceltes.com\/wp-content\/uploads\/2025\/10\/BDMportrait-300x300.png\" class=\"attachment-medium size-medium wp-image-418\" alt=\"\" srcset=\"https:\/\/aucoeurdesceltes.com\/wp-content\/uploads\/2025\/10\/BDMportrait-300x300.png 300w, https:\/\/aucoeurdesceltes.com\/wp-content\/uploads\/2025\/10\/BDMportrait-1024x1024.png 1024w, https:\/\/aucoeurdesceltes.com\/wp-content\/uploads\/2025\/10\/BDMportrait-150x150.png 150w, https:\/\/aucoeurdesceltes.com\/wp-content\/uploads\/2025\/10\/BDMportrait-768x768.png 768w, https:\/\/aucoeurdesceltes.com\/wp-content\/uploads\/2025\/10\/BDMportrait-1536x1536.png 1536w, https:\/\/aucoeurdesceltes.com\/wp-content\/uploads\/2025\/10\/BDMportrait.png 2048w\" sizes=\"(max-width: 300px) 100vw, 300px\" \/>\t\t\t\t\t\t\t\t\t\t\t\t\t\t\t<\/div>\n\t\t\t\t<\/div>\n\t\t\t\t\t<\/div>\n\t\t<\/div>\n\t\t\t\t<div class=\"elementor-column elementor-col-50 elementor-top-column elementor-element elementor-element-4b6e9b5\" data-id=\"4b6e9b5\" data-element_type=\"column\">\n\t\t\t<div class=\"elementor-widget-wrap elementor-element-populated\">\n\t\t\t\t\t\t<div class=\"elementor-element elementor-element-bf4c946 elementor-widget__width-inherit elementor-widget elementor-widget-text-editor\" data-id=\"bf4c946\" data-element_type=\"widget\" data-widget_type=\"text-editor.default\">\n\t\t\t\t<div class=\"elementor-widget-container\">\n\t\t\t\t\t\t\t\t\t<p>\u00a0<\/p><p><em style=\"font-weight: inherit; color: var( --e-global-color-astglobalcolor5 );\"><strong>\u00ab\u00a0Retrouver la nature, c&rsquo;est aussi retrouver sa nature profonde. Le silence de la for\u00eat n&rsquo;existe pas, c&rsquo;est une symphonie orchestr\u00e9e \u00e0 qui peut tendre l&rsquo;oreille. Ecoutez, c&rsquo;est le chant de nos anc\u00eatres qui jadis \u00e0 travers leurs traditions animistes honoraient le monde invisible. Souhaitez-vous les honorer avec moi et entendre ce qu&rsquo;ils ont \u00e0 nous dire dans l&rsquo;Autre Monde. Les tambours commencent \u00e0 battre, le feu est allum\u00e9, le voyage peut commencer.\u00a0\u00bb <\/strong><\/em><em style=\"font-weight: inherit; color: var( --e-global-color-astglobalcolor5 );\"><strong>Calon Draig<\/strong><\/em><\/p><p>\u00a0<\/p>\t\t\t\t\t\t\t\t<\/div>\n\t\t\t\t<\/div>\n\t\t\t\t\t<\/div>\n\t\t<\/div>\n\t\t\t\t\t<\/div>\n\t\t<\/section>\n\t\t\t\t<section class=\"elementor-section elementor-top-section elementor-element elementor-element-92edb39 elementor-section-stretched elementor-section-boxed elementor-section-height-default elementor-section-height-default\" data-id=\"92edb39\" data-element_type=\"section\" data-settings=\"{&quot;stretch_section&quot;:&quot;section-stretched&quot;}\">\n\t\t\t\t\t\t<div class=\"elementor-container elementor-column-gap-extended\">\n\t\t\t\t\t<div class=\"elementor-column elementor-col-100 elementor-top-column elementor-element elementor-element-797b5cd\" data-id=\"797b5cd\" data-element_type=\"column\" data-settings=\"{&quot;background_background&quot;:&quot;classic&quot;}\">\n\t\t\t<div class=\"elementor-widget-wrap elementor-element-populated\">\n\t\t\t\t\t\t<div class=\"elementor-element elementor-element-ee186e0 elementor-widget elementor-widget-image\" data-id=\"ee186e0\" data-element_type=\"widget\" data-widget_type=\"image.default\">\n\t\t\t\t<div class=\"elementor-widget-container\">\n\t\t\t\t\t\t\t\t\t\t\t\t\t\t\t<img loading=\"lazy\" decoding=\"async\" width=\"1024\" height=\"88\" src=\"https:\/\/aucoeurdesceltes.com\/wp-content\/uploads\/2023\/08\/celtic-patterns-and-ornaments-set-1024x88.jpg\" class=\"attachment-large size-large wp-image-81\" alt=\"noeud celtique\" srcset=\"https:\/\/aucoeurdesceltes.com\/wp-content\/uploads\/2023\/08\/celtic-patterns-and-ornaments-set-1024x88.jpg 1024w, https:\/\/aucoeurdesceltes.com\/wp-content\/uploads\/2023\/08\/celtic-patterns-and-ornaments-set-300x26.jpg 300w, https:\/\/aucoeurdesceltes.com\/wp-content\/uploads\/2023\/08\/celtic-patterns-and-ornaments-set-768x66.jpg 768w, https:\/\/aucoeurdesceltes.com\/wp-content\/uploads\/2023\/08\/celtic-patterns-and-ornaments-set-1536x132.jpg 1536w, https:\/\/aucoeurdesceltes.com\/wp-content\/uploads\/2023\/08\/celtic-patterns-and-ornaments-set-2048x176.jpg 2048w\" sizes=\"(max-width: 1024px) 100vw, 1024px\" \/>\t\t\t\t\t\t\t\t\t\t\t\t\t\t\t<\/div>\n\t\t\t\t<\/div>\n\t\t\t\t\t<\/div>\n\t\t<\/div>\n\t\t\t\t\t<\/div>\n\t\t<\/section>\n\t\t\t\t<section class=\"elementor-section elementor-top-section elementor-element elementor-element-7662d8e elementor-section-boxed elementor-section-height-default elementor-section-height-default\" data-id=\"7662d8e\" data-element_type=\"section\">\n\t\t\t\t\t\t<div class=\"elementor-container elementor-column-gap-default\">\n\t\t\t\t\t<div class=\"elementor-column elementor-col-100 elementor-top-column elementor-element elementor-element-2ae0101\" data-id=\"2ae0101\" data-element_type=\"column\">\n\t\t\t<div class=\"elementor-widget-wrap elementor-element-populated\">\n\t\t\t\t\t\t<div class=\"elementor-element elementor-element-00712e8 elementor-widget elementor-widget-image\" data-id=\"00712e8\" data-element_type=\"widget\" data-widget_type=\"image.default\">\n\t\t\t\t<div class=\"elementor-widget-container\">\n\t\t\t\t\t\t\t\t\t\t\t\t\t\t\t<img decoding=\"async\" src=\"https:\/\/aucoeurdesceltes.com\/wp-content\/uploads\/elementor\/thumbs\/Noeud-d-amour-croixceltique.com_-e1761781437648-rdxyovib6d2we78agipvoktxbxac2d50w682jroqug.webp\" title=\"Noeud-d-amour-croixceltique.com_\" alt=\"Coeur celte amour\" loading=\"lazy\" \/>\t\t\t\t\t\t\t\t\t\t\t\t\t\t\t<\/div>\n\t\t\t\t<\/div>\n\t\t\t\t<div class=\"elementor-element elementor-element-c9db4fe elementor-widget__width-inherit elementor-widget elementor-widget-text-editor\" data-id=\"c9db4fe\" data-element_type=\"widget\" data-widget_type=\"text-editor.default\">\n\t\t\t\t<div class=\"elementor-widget-container\">\n\t\t\t\t\t\t\t\t\t<p><span style=\"color: #000000;\"><em style=\"font-weight: inherit;\">Avec le coeur, j&rsquo;ouvre des <strong>espaces chamaniques de transformation &amp; de connexion<\/strong> profonde.<\/em><\/span><\/p>\t\t\t\t\t\t\t\t<\/div>\n\t\t\t\t<\/div>\n\t\t\t\t\t<\/div>\n\t\t<\/div>\n\t\t\t\t\t<\/div>\n\t\t<\/section>\n\t\t\t\t<section class=\"elementor-section elementor-top-section elementor-element elementor-element-58e950d elementor-section-boxed elementor-section-height-default elementor-section-height-default\" data-id=\"58e950d\" data-element_type=\"section\">\n\t\t\t\t\t\t<div class=\"elementor-container elementor-column-gap-default\">\n\t\t\t\t\t<div class=\"elementor-column elementor-col-100 elementor-top-column elementor-element elementor-element-4fa5139\" data-id=\"4fa5139\" data-element_type=\"column\">\n\t\t\t<div class=\"elementor-widget-wrap elementor-element-populated\">\n\t\t\t\t\t\t<div class=\"elementor-element elementor-element-0e15a82 elementor-widget elementor-widget-spacer\" data-id=\"0e15a82\" data-element_type=\"widget\" data-widget_type=\"spacer.default\">\n\t\t\t\t<div class=\"elementor-widget-container\">\n\t\t\t\t\t\t\t<div class=\"elementor-spacer\">\n\t\t\t<div class=\"elementor-spacer-inner\"><\/div>\n\t\t<\/div>\n\t\t\t\t\t\t<\/div>\n\t\t\t\t<\/div>\n\t\t\t\t\t<\/div>\n\t\t<\/div>\n\t\t\t\t\t<\/div>\n\t\t<\/section>\n\t\t\t\t<section class=\"elementor-section elementor-top-section elementor-element elementor-element-f184038 elementor-section-boxed elementor-section-height-default elementor-section-height-default\" data-id=\"f184038\" data-element_type=\"section\">\n\t\t\t\t\t\t<div class=\"elementor-container elementor-column-gap-default\">\n\t\t\t\t\t<div class=\"elementor-column elementor-col-100 elementor-top-column elementor-element elementor-element-4335c04\" data-id=\"4335c04\" data-element_type=\"column\">\n\t\t\t<div class=\"elementor-widget-wrap elementor-element-populated\">\n\t\t\t\t\t\t<div class=\"elementor-element elementor-element-59831d0 elementor-widget elementor-widget-image\" data-id=\"59831d0\" data-element_type=\"widget\" data-widget_type=\"image.default\">\n\t\t\t\t<div class=\"elementor-widget-container\">\n\t\t\t\t\t\t\t\t\t\t\t\t\t\t\t<img decoding=\"async\" src=\"https:\/\/aucoeurdesceltes.com\/wp-content\/uploads\/elementor\/thumbs\/spirale-qa9sq2iau1g65tn4xfrbvfdexrdwf2jdc5wm83of6w.jpg\" title=\"Set of three tattoo ornament with ethnic motif isolated on white\" alt=\"spirale\" loading=\"lazy\" \/>\t\t\t\t\t\t\t\t\t\t\t\t\t\t\t<\/div>\n\t\t\t\t<\/div>\n\t\t\t\t<div class=\"elementor-element elementor-element-af5c4fe elementor-widget__width-inherit elementor-widget elementor-widget-text-editor\" data-id=\"af5c4fe\" data-element_type=\"widget\" data-widget_type=\"text-editor.default\">\n\t\t\t\t<div class=\"elementor-widget-container\">\n\t\t\t\t\t\t\t\t\t<p><span style=\"color: #000000;\"><em style=\"font-weight: inherit;\">Pour ce travail \u00e9nerg\u00e9tique\u00a0 d&rsquo;inspiration celtique, je vous accompagne dans:<\/em><\/span><\/p><p><span style=\"color: #000000;\"><em style=\"font-weight: inherit;\">-&gt; des <strong>processus<\/strong>, <\/em><\/span><\/p><p><span style=\"color: #000000;\"><em style=\"font-weight: inherit;\">-&gt; des <strong>constellations<\/strong>, <\/em><\/span><\/p><p><span style=\"color: #000000;\"><em style=\"font-weight: inherit;\">-&gt; des <strong>rituels<\/strong>, <\/em><\/span><\/p><p><span style=\"color: #000000;\"><em style=\"font-weight: inherit;\">-&gt; des <strong>c\u00e9r\u00e9monies<\/strong> &amp; <\/em><\/span><\/p><p><span style=\"color: #000000;\"><em style=\"font-weight: inherit;\">-&gt; des <strong>cercles chamaniques<\/strong>.<\/em><\/span><\/p>\t\t\t\t\t\t\t\t<\/div>\n\t\t\t\t<\/div>\n\t\t\t\t\t<\/div>\n\t\t<\/div>\n\t\t\t\t\t<\/div>\n\t\t<\/section>\n\t\t\t\t<section class=\"elementor-section elementor-top-section elementor-element elementor-element-5260a1c elementor-section-boxed elementor-section-height-default elementor-section-height-default\" data-id=\"5260a1c\" data-element_type=\"section\">\n\t\t\t\t\t\t<div class=\"elementor-container elementor-column-gap-default\">\n\t\t\t\t\t<div class=\"elementor-column elementor-col-100 elementor-top-column elementor-element elementor-element-068d3a3\" data-id=\"068d3a3\" data-element_type=\"column\">\n\t\t\t<div class=\"elementor-widget-wrap elementor-element-populated\">\n\t\t\t\t\t\t<div class=\"elementor-element elementor-element-76c2239 elementor-widget elementor-widget-spacer\" data-id=\"76c2239\" data-element_type=\"widget\" data-widget_type=\"spacer.default\">\n\t\t\t\t<div class=\"elementor-widget-container\">\n\t\t\t\t\t\t\t<div class=\"elementor-spacer\">\n\t\t\t<div class=\"elementor-spacer-inner\"><\/div>\n\t\t<\/div>\n\t\t\t\t\t\t<\/div>\n\t\t\t\t<\/div>\n\t\t\t\t\t<\/div>\n\t\t<\/div>\n\t\t\t\t\t<\/div>\n\t\t<\/section>\n\t\t\t\t<section class=\"elementor-section elementor-top-section elementor-element elementor-element-2c0d474 elementor-section-boxed elementor-section-height-default elementor-section-height-default\" data-id=\"2c0d474\" data-element_type=\"section\">\n\t\t\t\t\t\t<div class=\"elementor-container elementor-column-gap-default\">\n\t\t\t\t\t<div class=\"elementor-column elementor-col-100 elementor-top-column elementor-element elementor-element-9d06157\" data-id=\"9d06157\" data-element_type=\"column\">\n\t\t\t<div class=\"elementor-widget-wrap elementor-element-populated\">\n\t\t\t\t\t\t<div class=\"elementor-element elementor-element-bc512a6 elementor-widget elementor-widget-image\" data-id=\"bc512a6\" data-element_type=\"widget\" data-widget_type=\"image.default\">\n\t\t\t\t<div class=\"elementor-widget-container\">\n\t\t\t\t\t\t\t\t\t\t\t\t\t\t\t<img decoding=\"async\" src=\"https:\/\/aucoeurdesceltes.com\/wp-content\/uploads\/elementor\/thumbs\/pngegg-rdxzdbb8vaja97qbr30oietdcktw725s94ujqrg92g.png\" title=\"pngegg\" alt=\"labyrinthe retour \u00e0 soi\" loading=\"lazy\" \/>\t\t\t\t\t\t\t\t\t\t\t\t\t\t\t<\/div>\n\t\t\t\t<\/div>\n\t\t\t\t<div class=\"elementor-element elementor-element-14f22cf elementor-widget__width-inherit elementor-widget elementor-widget-text-editor\" data-id=\"14f22cf\" data-element_type=\"widget\" data-widget_type=\"text-editor.default\">\n\t\t\t\t<div class=\"elementor-widget-container\">\n\t\t\t\t\t\t\t\t\t<p><span style=\"color: #000000;\"><em style=\"font-weight: inherit;\">J&rsquo;invite \u00e0 exp\u00e9rimenter l&rsquo;\u00e9veil de nos sens. <\/em><\/span><\/p><p><span style=\"color: #000000;\"><em style=\"font-weight: inherit;\">C&rsquo;est un <strong>retour \u00e0 Soi<\/strong>, un \u00e9tat d&rsquo;\u00e9coute de notre \u00e2me qui chuchote sans cesse. <\/em><\/span><\/p>\t\t\t\t\t\t\t\t<\/div>\n\t\t\t\t<\/div>\n\t\t\t\t\t<\/div>\n\t\t<\/div>\n\t\t\t\t\t<\/div>\n\t\t<\/section>\n\t\t\t\t<section class=\"elementor-section elementor-top-section elementor-element elementor-element-8b7e3c2 elementor-section-boxed elementor-section-height-default elementor-section-height-default\" data-id=\"8b7e3c2\" data-element_type=\"section\">\n\t\t\t\t\t\t<div class=\"elementor-container elementor-column-gap-default\">\n\t\t\t\t\t<div class=\"elementor-column elementor-col-100 elementor-top-column elementor-element elementor-element-c60f5ea\" data-id=\"c60f5ea\" data-element_type=\"column\">\n\t\t\t<div class=\"elementor-widget-wrap elementor-element-populated\">\n\t\t\t\t\t\t<div class=\"elementor-element elementor-element-2d12b56 elementor-widget elementor-widget-spacer\" data-id=\"2d12b56\" data-element_type=\"widget\" data-widget_type=\"spacer.default\">\n\t\t\t\t<div class=\"elementor-widget-container\">\n\t\t\t\t\t\t\t<div class=\"elementor-spacer\">\n\t\t\t<div class=\"elementor-spacer-inner\"><\/div>\n\t\t<\/div>\n\t\t\t\t\t\t<\/div>\n\t\t\t\t<\/div>\n\t\t\t\t\t<\/div>\n\t\t<\/div>\n\t\t\t\t\t<\/div>\n\t\t<\/section>\n\t\t\t\t<section class=\"elementor-section elementor-top-section elementor-element elementor-element-765c41b elementor-section-boxed elementor-section-height-default elementor-section-height-default\" data-id=\"765c41b\" data-element_type=\"section\">\n\t\t\t\t\t\t<div class=\"elementor-container elementor-column-gap-default\">\n\t\t\t\t\t<div class=\"elementor-column elementor-col-100 elementor-top-column elementor-element elementor-element-23cd7e0\" data-id=\"23cd7e0\" data-element_type=\"column\">\n\t\t\t<div class=\"elementor-widget-wrap elementor-element-populated\">\n\t\t\t\t\t\t<div class=\"elementor-element elementor-element-6886fb1 elementor-widget elementor-widget-image\" data-id=\"6886fb1\" data-element_type=\"widget\" data-widget_type=\"image.default\">\n\t\t\t\t<div class=\"elementor-widget-container\">\n\t\t\t\t\t\t\t\t\t\t\t\t\t\t\t<img decoding=\"async\" src=\"https:\/\/aucoeurdesceltes.com\/wp-content\/uploads\/elementor\/thumbs\/Capture-decran-2025-10-30-a-01.05.56-rdxzojhui1wkxjf86xq9aktks9hq4wqd4pdc3qsyqw.png\" title=\"Capture d\u2019e\u0301cran 2025-10-30 a\u0300 01.05.56\" alt=\"serpent infini\" loading=\"lazy\" \/>\t\t\t\t\t\t\t\t\t\t\t\t\t\t\t<\/div>\n\t\t\t\t<\/div>\n\t\t\t\t<div class=\"elementor-element elementor-element-beb270b elementor-widget__width-inherit elementor-widget elementor-widget-text-editor\" data-id=\"beb270b\" data-element_type=\"widget\" data-widget_type=\"text-editor.default\">\n\t\t\t\t<div class=\"elementor-widget-container\">\n\t\t\t\t\t\t\t\t\t<p><span style=\"color: #000000;\"><em style=\"font-weight: inherit;\">Sur ce chemin de conscience, les blessures de l&rsquo;ego se manifestent &amp; poussent au nettoyage \u00e9nerg\u00e9tique. <\/em><\/span><\/p><p><span style=\"color: #000000;\"><em style=\"font-weight: inherit;\">L&rsquo;ombre est mise en lumi\u00e8re. <strong>Le travail chamanique<\/strong> est une travers\u00e9e de morts &amp; de renaissances. <\/em><\/span><\/p><p><span style=\"color: #000000;\"><em style=\"font-weight: inherit;\">C&rsquo;est un <strong>parcours de transcendance qui choisit la vie<\/strong> quelqu&rsquo;en soit sa forme!<\/em><\/span><\/p>\t\t\t\t\t\t\t\t<\/div>\n\t\t\t\t<\/div>\n\t\t\t\t\t<\/div>\n\t\t<\/div>\n\t\t\t\t\t<\/div>\n\t\t<\/section>\n\t\t\t\t<section class=\"elementor-section elementor-top-section elementor-element elementor-element-a42d379 elementor-section-full_width elementor-section-height-default elementor-section-height-default\" data-id=\"a42d379\" data-element_type=\"section\">\n\t\t\t\t\t\t<div class=\"elementor-container elementor-column-gap-no\">\n\t\t\t\t\t<div class=\"elementor-column elementor-col-100 elementor-top-column elementor-element elementor-element-cdd50ed\" data-id=\"cdd50ed\" data-element_type=\"column\">\n\t\t\t<div class=\"elementor-widget-wrap\">\n\t\t\t\t\t\t\t<\/div>\n\t\t<\/div>\n\t\t\t\t\t<\/div>\n\t\t<\/section>\n\t\t\t\t<section class=\"elementor-section elementor-top-section elementor-element elementor-element-55abdc1 elementor-section-stretched elementor-section-boxed elementor-section-height-default elementor-section-height-default\" data-id=\"55abdc1\" data-element_type=\"section\" data-settings=\"{&quot;stretch_section&quot;:&quot;section-stretched&quot;}\">\n\t\t\t\t\t\t<div class=\"elementor-container elementor-column-gap-extended\">\n\t\t\t\t\t<div class=\"elementor-column elementor-col-100 elementor-top-column elementor-element elementor-element-e572254\" data-id=\"e572254\" data-element_type=\"column\" data-settings=\"{&quot;background_background&quot;:&quot;classic&quot;}\">\n\t\t\t<div class=\"elementor-widget-wrap elementor-element-populated\">\n\t\t\t\t\t\t<div class=\"elementor-element elementor-element-2c9684e elementor-widget elementor-widget-image\" data-id=\"2c9684e\" data-element_type=\"widget\" data-widget_type=\"image.default\">\n\t\t\t\t<div class=\"elementor-widget-container\">\n\t\t\t\t\t\t\t\t\t\t\t\t\t\t\t<img loading=\"lazy\" decoding=\"async\" width=\"1024\" height=\"88\" src=\"https:\/\/aucoeurdesceltes.com\/wp-content\/uploads\/2023\/08\/celtic-patterns-and-ornaments-set-1024x88.jpg\" class=\"attachment-large size-large wp-image-81\" alt=\"noeud celtique\" srcset=\"https:\/\/aucoeurdesceltes.com\/wp-content\/uploads\/2023\/08\/celtic-patterns-and-ornaments-set-1024x88.jpg 1024w, https:\/\/aucoeurdesceltes.com\/wp-content\/uploads\/2023\/08\/celtic-patterns-and-ornaments-set-300x26.jpg 300w, https:\/\/aucoeurdesceltes.com\/wp-content\/uploads\/2023\/08\/celtic-patterns-and-ornaments-set-768x66.jpg 768w, https:\/\/aucoeurdesceltes.com\/wp-content\/uploads\/2023\/08\/celtic-patterns-and-ornaments-set-1536x132.jpg 1536w, https:\/\/aucoeurdesceltes.com\/wp-content\/uploads\/2023\/08\/celtic-patterns-and-ornaments-set-2048x176.jpg 2048w\" sizes=\"(max-width: 1024px) 100vw, 1024px\" \/>\t\t\t\t\t\t\t\t\t\t\t\t\t\t\t<\/div>\n\t\t\t\t<\/div>\n\t\t\t\t\t<\/div>\n\t\t<\/div>\n\t\t\t\t\t<\/div>\n\t\t<\/section>\n\t\t\t\t<section class=\"elementor-section elementor-top-section elementor-element elementor-element-faa1c5d elementor-section-boxed elementor-section-height-default elementor-section-height-default\" data-id=\"faa1c5d\" data-element_type=\"section\">\n\t\t\t\t\t\t<div class=\"elementor-container elementor-column-gap-default\">\n\t\t\t\t\t<div class=\"elementor-column elementor-col-100 elementor-top-column elementor-element elementor-element-1d38136\" data-id=\"1d38136\" data-element_type=\"column\">\n\t\t\t<div class=\"elementor-widget-wrap elementor-element-populated\">\n\t\t\t\t\t\t<div class=\"elementor-element elementor-element-d786a0a elementor-widget elementor-widget-spacer\" data-id=\"d786a0a\" data-element_type=\"widget\" data-widget_type=\"spacer.default\">\n\t\t\t\t<div class=\"elementor-widget-container\">\n\t\t\t\t\t\t\t<div class=\"elementor-spacer\">\n\t\t\t<div class=\"elementor-spacer-inner\"><\/div>\n\t\t<\/div>\n\t\t\t\t\t\t<\/div>\n\t\t\t\t<\/div>\n\t\t\t\t\t<\/div>\n\t\t<\/div>\n\t\t\t\t\t<\/div>\n\t\t<\/section>\n\t\t\t\t<\/div>\n\t\t","protected":false},"excerpt":{"rendered":"<p>Bienvenu \u00a0 \u00ab\u00a0Retrouver la nature, c&rsquo;est aussi retrouver sa nature profonde. Le silence de la for\u00eat n&rsquo;existe pas, c&rsquo;est une symphonie orchestr\u00e9e \u00e0 qui peut tendre l&rsquo;oreille. Ecoutez, c&rsquo;est le &hellip;<\/p>\n<p class=\"read-more\"> <a class=\"\" href=\"https:\/\/aucoeurdesceltes.com\/\"> <span class=\"screen-reader-text\">Accueil<\/span> Lire la suite\u00a0\u00bb<\/a><\/p>\n","protected":false},"author":1,"featured_media":0,"parent":0,"menu_order":0,"comment_status":"closed","ping_status":"closed","template":"","meta":{"site-sidebar-layout":"no-sidebar","site-content-layout":"page-builder","ast-site-content-layout":"","site-content-style":"default","site-sidebar-style":"default","ast-global-header-display":"","ast-banner-title-visibility":"","ast-main-header-display":"","ast-hfb-above-header-display":"","ast-hfb-below-header-display":"","ast-hfb-mobile-header-display":"","site-post-title":"disabled","ast-breadcrumbs-content":"","ast-featured-img":"disabled","footer-sml-layout":"","theme-transparent-header-meta":"","adv-header-id-meta":"","stick-header-meta":"","header-above-stick-meta":"","header-main-stick-meta":"","header-below-stick-meta":"","astra-migrate-meta-layouts":"","footnotes":""},"aioseo_notices":[],"_links":{"self":[{"href":"https:\/\/aucoeurdesceltes.com\/index.php\/wp-json\/wp\/v2\/pages\/10"}],"collection":[{"href":"https:\/\/aucoeurdesceltes.com\/index.php\/wp-json\/wp\/v2\/pages"}],"about":[{"href":"https:\/\/aucoeurdesceltes.com\/index.php\/wp-json\/wp\/v2\/types\/page"}],"author":[{"embeddable":true,"href":"https:\/\/aucoeurdesceltes.com\/index.php\/wp-json\/wp\/v2\/users\/1"}],"replies":[{"embeddable":true,"href":"https:\/\/aucoeurdesceltes.com\/index.php\/wp-json\/wp\/v2\/comments?post=10"}],"version-history":[{"count":125,"href":"https:\/\/aucoeurdesceltes.com\/index.php\/wp-json\/wp\/v2\/pages\/10\/revisions"}],"predecessor-version":[{"id":433,"href":"https:\/\/aucoeurdesceltes.com\/index.php\/wp-json\/wp\/v2\/pages\/10\/revisions\/433"}],"wp:attachment":[{"href":"https:\/\/aucoeurdesceltes.com\/index.php\/wp-json\/wp\/v2\/media?parent=10"}],"curies":[{"name":"wp","href":"https:\/\/api.w.org\/{rel}","templated":true}]}}