{"id":26,"date":"2023-07-31T16:25:52","date_gmt":"2023-07-31T14:25:52","guid":{"rendered":"https:\/\/aucoeurdesceltes.com\/?page_id=26"},"modified":"2023-08-30T07:55:23","modified_gmt":"2023-08-30T05:55:23","slug":"soins-chamaniques","status":"publish","type":"page","link":"https:\/\/aucoeurdesceltes.com\/index.php\/soins-chamaniques\/","title":{"rendered":"Soins chamaniques"},"content":{"rendered":"\t\t<div data-elementor-type=\"wp-page\" data-elementor-id=\"26\" class=\"elementor elementor-26\">\n\t\t\t\t\t\t<section class=\"elementor-section elementor-top-section elementor-element elementor-element-72290143 elementor-section-full_width elementor-section-stretched elementor-section-height-default elementor-section-height-default\" data-id=\"72290143\" data-element_type=\"section\" data-settings=\"{&quot;background_background&quot;:&quot;classic&quot;,&quot;stretch_section&quot;:&quot;section-stretched&quot;}\">\n\t\t\t\t\t\t<div class=\"elementor-container elementor-column-gap-default\">\n\t\t\t\t\t<div class=\"elementor-column elementor-col-33 elementor-top-column elementor-element elementor-element-14ed0961\" data-id=\"14ed0961\" data-element_type=\"column\" data-settings=\"{&quot;background_background&quot;:&quot;classic&quot;}\">\n\t\t\t<div class=\"elementor-widget-wrap elementor-element-populated\">\n\t\t\t\t\t\t<div class=\"elementor-element elementor-element-271dff7c elementor-widget elementor-widget-image\" data-id=\"271dff7c\" data-element_type=\"widget\" data-widget_type=\"image.default\">\n\t\t\t\t<div class=\"elementor-widget-container\">\n\t\t\t\t\t\t\t\t\t\t\t\t\t\t\t<img decoding=\"async\" width=\"264\" height=\"105\" src=\"https:\/\/aucoeurdesceltes.com\/wp-content\/uploads\/2023\/08\/VERTfeuillegauche.jpg\" class=\"attachment-large size-large wp-image-332\" alt=\"feuille\" \/>\t\t\t\t\t\t\t\t\t\t\t\t\t\t\t<\/div>\n\t\t\t\t<\/div>\n\t\t\t\t\t<\/div>\n\t\t<\/div>\n\t\t\t\t<div class=\"elementor-column elementor-col-33 elementor-top-column elementor-element elementor-element-651a3a00\" data-id=\"651a3a00\" data-element_type=\"column\" data-settings=\"{&quot;background_background&quot;:&quot;classic&quot;}\">\n\t\t\t<div class=\"elementor-widget-wrap elementor-element-populated\">\n\t\t\t\t\t\t<div class=\"elementor-element elementor-element-315cd0f6 elementor-widget elementor-widget-heading\" data-id=\"315cd0f6\" data-element_type=\"widget\" data-widget_type=\"heading.default\">\n\t\t\t\t<div class=\"elementor-widget-container\">\n\t\t\t\t\t<h1 class=\"elementor-heading-title elementor-size-xl\">Soins chamaniques<\/h1>\t\t\t\t<\/div>\n\t\t\t\t<\/div>\n\t\t\t\t\t<\/div>\n\t\t<\/div>\n\t\t\t\t<div class=\"elementor-column elementor-col-33 elementor-top-column elementor-element elementor-element-71e1fdf8\" data-id=\"71e1fdf8\" data-element_type=\"column\">\n\t\t\t<div class=\"elementor-widget-wrap elementor-element-populated\">\n\t\t\t\t\t\t<div class=\"elementor-element elementor-element-452a40d2 elementor-widget__width-initial elementor-widget elementor-widget-image\" data-id=\"452a40d2\" data-element_type=\"widget\" data-widget_type=\"image.default\">\n\t\t\t\t<div class=\"elementor-widget-container\">\n\t\t\t\t\t\t\t\t\t\t\t\t\t\t\t<img decoding=\"async\" width=\"263\" height=\"108\" src=\"https:\/\/aucoeurdesceltes.com\/wp-content\/uploads\/2023\/08\/VERTfeuillesdroites.jpg\" class=\"attachment-large size-large wp-image-333\" alt=\"feuille\" \/>\t\t\t\t\t\t\t\t\t\t\t\t\t\t\t<\/div>\n\t\t\t\t<\/div>\n\t\t\t\t\t<\/div>\n\t\t<\/div>\n\t\t\t\t\t<\/div>\n\t\t<\/section>\n\t\t\t\t<section class=\"elementor-section elementor-top-section elementor-element elementor-element-a60996d elementor-section-full_width elementor-section-stretched elementor-section-height-default elementor-section-height-default\" data-id=\"a60996d\" data-element_type=\"section\" data-settings=\"{&quot;stretch_section&quot;:&quot;section-stretched&quot;,&quot;background_background&quot;:&quot;classic&quot;}\">\n\t\t\t\t\t\t<div class=\"elementor-container elementor-column-gap-default\">\n\t\t\t\t\t<div class=\"elementor-column elementor-col-100 elementor-top-column elementor-element elementor-element-c7dce7f\" data-id=\"c7dce7f\" data-element_type=\"column\">\n\t\t\t<div class=\"elementor-widget-wrap elementor-element-populated\">\n\t\t\t\t\t\t<div class=\"elementor-element elementor-element-004b6a6 elementor-arrows-position-inside elementor-pagination-position-outside elementor-widget elementor-widget-image-carousel\" data-id=\"004b6a6\" data-element_type=\"widget\" data-settings=\"{&quot;navigation&quot;:&quot;both&quot;,&quot;autoplay&quot;:&quot;yes&quot;,&quot;pause_on_hover&quot;:&quot;yes&quot;,&quot;pause_on_interaction&quot;:&quot;yes&quot;,&quot;autoplay_speed&quot;:5000,&quot;infinite&quot;:&quot;yes&quot;,&quot;speed&quot;:500}\" data-widget_type=\"image-carousel.default\">\n\t\t\t\t<div class=\"elementor-widget-container\">\n\t\t\t\t\t\t\t<div class=\"elementor-image-carousel-wrapper swiper\" role=\"region\" aria-roledescription=\"carousel\" aria-label=\"Carrousel d\u2019images\" dir=\"ltr\">\n\t\t\t<div class=\"elementor-image-carousel swiper-wrapper\" aria-live=\"off\">\n\t\t\t\t\t\t\t\t<div class=\"swiper-slide\" role=\"group\" aria-roledescription=\"slide\" aria-label=\"1 sur 4\"><figure class=\"swiper-slide-inner\"><img decoding=\"async\" class=\"swiper-slide-image\" src=\"https:\/\/aucoeurdesceltes.com\/wp-content\/uploads\/2023\/08\/IMG_1480-225x300.jpg\" alt=\"chamanisme\" \/><\/figure><\/div><div class=\"swiper-slide\" role=\"group\" aria-roledescription=\"slide\" aria-label=\"2 sur 4\"><figure class=\"swiper-slide-inner\"><img decoding=\"async\" class=\"swiper-slide-image\" src=\"https:\/\/aucoeurdesceltes.com\/wp-content\/uploads\/2023\/08\/104078-225x300.jpeg\" alt=\"Tambour arbre de vie\" \/><\/figure><\/div><div class=\"swiper-slide\" role=\"group\" aria-roledescription=\"slide\" aria-label=\"3 sur 4\"><figure class=\"swiper-slide-inner\"><img decoding=\"async\" class=\"swiper-slide-image\" src=\"https:\/\/aucoeurdesceltes.com\/wp-content\/uploads\/2023\/08\/IMG_1982-300x225.jpg\" alt=\"tabac\" \/><\/figure><\/div><div class=\"swiper-slide\" role=\"group\" aria-roledescription=\"slide\" aria-label=\"4 sur 4\"><figure class=\"swiper-slide-inner\"><img decoding=\"async\" class=\"swiper-slide-image\" src=\"https:\/\/aucoeurdesceltes.com\/wp-content\/uploads\/2023\/08\/IMG_2526-300x225.jpg\" alt=\"tambour\" \/><\/figure><\/div>\t\t\t<\/div>\n\t\t\t\t\t\t\t\t\t\t\t\t<div class=\"elementor-swiper-button elementor-swiper-button-prev\" role=\"button\" tabindex=\"0\">\n\t\t\t\t\t\t<i aria-hidden=\"true\" class=\"eicon-chevron-left\"><\/i>\t\t\t\t\t<\/div>\n\t\t\t\t\t<div class=\"elementor-swiper-button elementor-swiper-button-next\" role=\"button\" tabindex=\"0\">\n\t\t\t\t\t\t<i aria-hidden=\"true\" class=\"eicon-chevron-right\"><\/i>\t\t\t\t\t<\/div>\n\t\t\t\t\n\t\t\t\t\t\t\t\t\t<div class=\"swiper-pagination\"><\/div>\n\t\t\t\t\t\t\t\t\t<\/div>\n\t\t\t\t\t\t<\/div>\n\t\t\t\t<\/div>\n\t\t\t\t\t<\/div>\n\t\t<\/div>\n\t\t\t\t\t<\/div>\n\t\t<\/section>\n\t\t\t\t<section class=\"elementor-section elementor-top-section elementor-element elementor-element-41f0f86 elementor-section-full_width elementor-section-height-default elementor-section-height-default\" data-id=\"41f0f86\" data-element_type=\"section\">\n\t\t\t\t\t\t<div class=\"elementor-container elementor-column-gap-default\">\n\t\t\t\t\t<div class=\"elementor-column elementor-col-33 elementor-top-column elementor-element elementor-element-0366338\" data-id=\"0366338\" data-element_type=\"column\">\n\t\t\t<div class=\"elementor-widget-wrap elementor-element-populated\">\n\t\t\t\t\t\t<div class=\"elementor-element elementor-element-c5dcb4e elementor-widget elementor-widget-text-editor\" data-id=\"c5dcb4e\" data-element_type=\"widget\" data-widget_type=\"text-editor.default\">\n\t\t\t\t<div class=\"elementor-widget-container\">\n\t\t\t\t\t\t\t\t\t<div class=\"elementor-element elementor-element-ef6b35d elementor-widget elementor-widget-heading\" data-id=\"ef6b35d\" data-element_type=\"widget\" data-widget_type=\"heading.default\"><div class=\"elementor-widget-container\"><h2 class=\"elementor-heading-title elementor-size-default\"><u><i>Qu&rsquo;est-ce que le chamanisme?<\/i><\/u><\/h2><\/div><\/div>\t\t\t\t\t\t\t\t<\/div>\n\t\t\t\t<\/div>\n\t\t\t\t\t<\/div>\n\t\t<\/div>\n\t\t\t\t<div class=\"elementor-column elementor-col-33 elementor-top-column elementor-element elementor-element-e36b20a\" data-id=\"e36b20a\" data-element_type=\"column\">\n\t\t\t<div class=\"elementor-widget-wrap elementor-element-populated\">\n\t\t\t\t\t\t<div class=\"elementor-element elementor-element-a211418 elementor-widget elementor-widget-text-editor\" data-id=\"a211418\" data-element_type=\"widget\" data-widget_type=\"text-editor.default\">\n\t\t\t\t<div class=\"elementor-widget-container\">\n\t\t\t\t\t\t\t\t\t<div class=\"elementor-element elementor-element-3285f20 elementor-widget elementor-widget-heading\" data-id=\"3285f20\" data-element_type=\"widget\" data-widget_type=\"heading.default\"><div class=\"elementor-widget-container\"><h2 class=\"elementor-heading-title elementor-size-default\"><u><i>Comment se passe un soin?<\/i><\/u><\/h2><\/div><\/div>\t\t\t\t\t\t\t\t<\/div>\n\t\t\t\t<\/div>\n\t\t\t\t\t<\/div>\n\t\t<\/div>\n\t\t\t\t<div class=\"elementor-column elementor-col-33 elementor-top-column elementor-element elementor-element-3a7a168\" data-id=\"3a7a168\" data-element_type=\"column\">\n\t\t\t<div class=\"elementor-widget-wrap elementor-element-populated\">\n\t\t\t\t\t\t<div class=\"elementor-element elementor-element-9abcf79 elementor-widget elementor-widget-text-editor\" data-id=\"9abcf79\" data-element_type=\"widget\" data-widget_type=\"text-editor.default\">\n\t\t\t\t<div class=\"elementor-widget-container\">\n\t\t\t\t\t\t\t\t\t<div class=\"elementor-element elementor-element-3734805 elementor-widget elementor-widget-heading\" data-id=\"3734805\" data-element_type=\"widget\" data-widget_type=\"heading.default\"><div class=\"elementor-widget-container\"><h2 class=\"elementor-heading-title elementor-size-default\"><u><i>Infos pratiques<\/i><\/u><\/h2><\/div><\/div>\t\t\t\t\t\t\t\t<\/div>\n\t\t\t\t<\/div>\n\t\t\t\t\t<\/div>\n\t\t<\/div>\n\t\t\t\t\t<\/div>\n\t\t<\/section>\n\t\t\t\t<section class=\"elementor-section elementor-top-section elementor-element elementor-element-bb56ecd elementor-section-full_width elementor-section-height-default elementor-section-height-default\" data-id=\"bb56ecd\" data-element_type=\"section\">\n\t\t\t\t\t\t<div class=\"elementor-container elementor-column-gap-default\">\n\t\t\t\t\t<div class=\"elementor-column elementor-col-33 elementor-top-column elementor-element elementor-element-db9f6bf\" data-id=\"db9f6bf\" data-element_type=\"column\">\n\t\t\t<div class=\"elementor-widget-wrap elementor-element-populated\">\n\t\t\t\t\t\t<div class=\"elementor-element elementor-element-aae8d59 elementor-widget elementor-widget-text-editor\" data-id=\"aae8d59\" data-element_type=\"widget\" data-widget_type=\"text-editor.default\">\n\t\t\t\t<div class=\"elementor-widget-container\">\n\t\t\t\t\t\t\t\t\t<div class=\"elementor-element elementor-element-ef6b35d elementor-widget elementor-widget-heading\" data-id=\"ef6b35d\" data-element_type=\"widget\" data-widget_type=\"heading.default\"><div class=\"elementor-widget-container\">\u00a0<\/div><\/div><div class=\"elementor-element elementor-element-82e68f9 elementor-widget elementor-widget-text-editor\" data-id=\"82e68f9\" data-element_type=\"widget\" data-widget_type=\"text-editor.default\"><div class=\"elementor-widget-container\"><p>Le\u00a0<strong>chamanisme<\/strong>\u00a0est une\u00a0<strong>\u00ab\u00a0m\u00e9decine ancestrale\u00a0\u00bb spirituelle<\/strong>\u00a0en connexion avec les \u00e9l\u00e9ments (la terre, l\u2019eau, le feu, l\u2019air, l\u2019\u00e9ther), avec les r\u00e8gnes (min\u00e9ral, v\u00e9g\u00e9tal, animal &amp; humain) et en harmonie avec les directions.\u00a0<\/p><p>Ses formes les plus archa\u00efques remontent \u00e0 la pr\u00e9histoire. On retrouve ces\u00a0pratiques dans de nombreuses cultures \u00e0 travers le monde\u00a0que ce soit en Mongolie, en Afrique, en Am\u00e9rique ou encore en Amazonie.\u00a0<\/p><p>En Europe, on retrouve des traces du chamanisme dans la culture celte e.a. chez les druides qui ont particuli\u00e8rement vou\u00e9 un culte aux arbres.\u00a0Chaque culture a ses rituels et traditions mais nous retrouvons un tronc commun.\u00a0<\/p><\/div><\/div>\t\t\t\t\t\t\t\t<\/div>\n\t\t\t\t<\/div>\n\t\t\t\t\t<\/div>\n\t\t<\/div>\n\t\t\t\t<div class=\"elementor-column elementor-col-33 elementor-top-column elementor-element elementor-element-c84b217\" data-id=\"c84b217\" data-element_type=\"column\">\n\t\t\t<div class=\"elementor-widget-wrap elementor-element-populated\">\n\t\t\t\t\t\t<div class=\"elementor-element elementor-element-bfb305b elementor-widget elementor-widget-text-editor\" data-id=\"bfb305b\" data-element_type=\"widget\" data-widget_type=\"text-editor.default\">\n\t\t\t\t<div class=\"elementor-widget-container\">\n\t\t\t\t\t\t\t\t\t<div class=\"elementor-element elementor-element-3285f20 elementor-widget elementor-widget-heading\" data-id=\"3285f20\" data-element_type=\"widget\" data-widget_type=\"heading.default\"><div class=\"elementor-widget-container\">\u00a0<\/div><\/div><div class=\"elementor-element elementor-element-dd87b1d elementor-widget elementor-widget-text-editor\" data-id=\"dd87b1d\" data-element_type=\"widget\" data-widget_type=\"text-editor.default\"><div class=\"elementor-widget-container\"><p>Les<strong>\u00a0soins \u00e9nerg\u00e9tiques<\/strong>\u00a0donn\u00e9s sont intuitifs et agissent sur la dimension \u00e9nerg\u00e9tique, spirituelle du probl\u00e8me que la personne rencontre sur son chemin de vie. Il n\u2019y a pas de hasard.<\/p><p><span style=\"font-style: inherit; font-weight: inherit; background-color: var(--ast-global-color-5); color: var(--ast-global-color-3); letter-spacing: 0px;\">Apr\u00e8s un temps de discussion sur les raisons de la consultation, le praticien se met en<\/span><strong style=\"font-style: inherit; background-color: var(--ast-global-color-5); color: var(--ast-global-color-3); letter-spacing: 0px;\">\u00a0\u00e9tat de conscience modifi\u00e9 au son du tambour<\/strong><span style=\"font-style: inherit; font-weight: inherit; background-color: var(--ast-global-color-5); color: var(--ast-global-color-3); letter-spacing: 0px;\">.\u00a0<\/span><\/p><p>Il peut s\u2019agir d\u2019extraire des \u00e9nergies nocives du champ \u00e9nerg\u00e9tique du patient, de relier les fragments d\u2019\u00e2me perdus lors de traumatismes de vie, de faciliter les passages d\u2019\u00e2mes ou encore de fluidifier les cycles de vie.<\/p><\/div><\/div>\t\t\t\t\t\t\t\t<\/div>\n\t\t\t\t<\/div>\n\t\t\t\t\t<\/div>\n\t\t<\/div>\n\t\t\t\t<div class=\"elementor-column elementor-col-33 elementor-top-column elementor-element elementor-element-0bd59ef\" data-id=\"0bd59ef\" data-element_type=\"column\">\n\t\t\t<div class=\"elementor-widget-wrap elementor-element-populated\">\n\t\t\t\t\t\t<div class=\"elementor-element elementor-element-71fa2f8 elementor-widget elementor-widget-text-editor\" data-id=\"71fa2f8\" data-element_type=\"widget\" data-widget_type=\"text-editor.default\">\n\t\t\t\t<div class=\"elementor-widget-container\">\n\t\t\t\t\t\t\t\t\t<div class=\"elementor-element elementor-element-3734805 elementor-widget elementor-widget-heading\" data-id=\"3734805\" data-element_type=\"widget\" data-widget_type=\"heading.default\"><div class=\"elementor-widget-container\">\u00a0<\/div><\/div><div class=\"elementor-element elementor-element-ff52abd elementor-widget elementor-widget-text-editor\" data-id=\"ff52abd\" data-element_type=\"widget\" data-widget_type=\"text-editor.default\"><div class=\"elementor-widget-container\"><p>Un\u00a0<strong>soin chamanique<\/strong>\u00a0dure environ\u00a0une heure et demi.\u00a0<\/p><p>Il n\u00e9cessite un temps d\u2019int\u00e9gration d\u2019au moins quelques semaines.<\/p><p>Chaque soin chamanique est unique. Il arrive parfois que soit demand\u00e9 au consultant de faire des exercices en dehors du soin.\u00a0<\/p><p>La gu\u00e9rison passe par Soi.<\/p><\/div><\/div>\t\t\t\t\t\t\t\t<\/div>\n\t\t\t\t<\/div>\n\t\t\t\t\t<\/div>\n\t\t<\/div>\n\t\t\t\t\t<\/div>\n\t\t<\/section>\n\t\t\t\t<\/div>\n\t\t","protected":false},"excerpt":{"rendered":"<p>Soins chamaniques Qu&rsquo;est-ce que le chamanisme? Comment se passe un soin? Infos pratiques \u00a0 Le\u00a0chamanisme\u00a0est une\u00a0\u00ab\u00a0m\u00e9decine ancestrale\u00a0\u00bb spirituelle\u00a0en connexion avec les \u00e9l\u00e9ments (la terre, l\u2019eau, le feu, l\u2019air, l\u2019\u00e9ther), avec &hellip;<\/p>\n<p class=\"read-more\"> <a class=\"\" href=\"https:\/\/aucoeurdesceltes.com\/index.php\/soins-chamaniques\/\"> <span class=\"screen-reader-text\">Soins chamaniques<\/span> Lire la suite\u00a0\u00bb<\/a><\/p>\n","protected":false},"author":1,"featured_media":0,"parent":0,"menu_order":0,"comment_status":"closed","ping_status":"closed","template":"","meta":{"site-sidebar-layout":"no-sidebar","site-content-layout":"page-builder","ast-site-content-layout":"default","site-content-style":"default","site-sidebar-style":"default","ast-global-header-display":"","ast-banner-title-visibility":"","ast-main-header-display":"","ast-hfb-above-header-display":"","ast-hfb-below-header-display":"","ast-hfb-mobile-header-display":"","site-post-title":"disabled","ast-breadcrumbs-content":"","ast-featured-img":"disabled","footer-sml-layout":"","theme-transparent-header-meta":"","adv-header-id-meta":"","stick-header-meta":"","header-above-stick-meta":"","header-main-stick-meta":"","header-below-stick-meta":"","astra-migrate-meta-layouts":"set","footnotes":""},"aioseo_notices":[],"_links":{"self":[{"href":"https:\/\/aucoeurdesceltes.com\/index.php\/wp-json\/wp\/v2\/pages\/26"}],"collection":[{"href":"https:\/\/aucoeurdesceltes.com\/index.php\/wp-json\/wp\/v2\/pages"}],"about":[{"href":"https:\/\/aucoeurdesceltes.com\/index.php\/wp-json\/wp\/v2\/types\/page"}],"author":[{"embeddable":true,"href":"https:\/\/aucoeurdesceltes.com\/index.php\/wp-json\/wp\/v2\/users\/1"}],"replies":[{"embeddable":true,"href":"https:\/\/aucoeurdesceltes.com\/index.php\/wp-json\/wp\/v2\/comments?post=26"}],"version-history":[{"count":16,"href":"https:\/\/aucoeurdesceltes.com\/index.php\/wp-json\/wp\/v2\/pages\/26\/revisions"}],"predecessor-version":[{"id":411,"href":"https:\/\/aucoeurdesceltes.com\/index.php\/wp-json\/wp\/v2\/pages\/26\/revisions\/411"}],"wp:attachment":[{"href":"https:\/\/aucoeurdesceltes.com\/index.php\/wp-json\/wp\/v2\/media?parent=26"}],"curies":[{"name":"wp","href":"https:\/\/api.w.org\/{rel}","templated":true}]}}