{"id":30,"date":"2023-07-31T16:26:45","date_gmt":"2023-07-31T14:26:45","guid":{"rendered":"https:\/\/aucoeurdesceltes.com\/?page_id=30"},"modified":"2023-08-28T21:23:23","modified_gmt":"2023-08-28T19:23:23","slug":"fabrication-de-tambours","status":"publish","type":"page","link":"https:\/\/aucoeurdesceltes.com\/index.php\/fabrication-de-tambours\/","title":{"rendered":"Fabrication de tambours"},"content":{"rendered":"\t\t<div data-elementor-type=\"wp-page\" data-elementor-id=\"30\" class=\"elementor elementor-30\">\n\t\t\t\t\t\t<section class=\"elementor-section elementor-top-section elementor-element elementor-element-2f48f173 elementor-section-full_width elementor-section-height-default elementor-section-height-default\" data-id=\"2f48f173\" data-element_type=\"section\" data-settings=\"{&quot;background_background&quot;:&quot;classic&quot;}\">\n\t\t\t\t\t\t<div class=\"elementor-container elementor-column-gap-default\">\n\t\t\t\t\t<div class=\"elementor-column elementor-col-33 elementor-top-column elementor-element elementor-element-614f35ae\" data-id=\"614f35ae\" data-element_type=\"column\" data-settings=\"{&quot;background_background&quot;:&quot;classic&quot;}\">\n\t\t\t<div class=\"elementor-widget-wrap elementor-element-populated\">\n\t\t\t\t\t\t<div class=\"elementor-element elementor-element-2d4d80e elementor-widget elementor-widget-image\" data-id=\"2d4d80e\" data-element_type=\"widget\" data-widget_type=\"image.default\">\n\t\t\t\t<div class=\"elementor-widget-container\">\n\t\t\t\t\t\t\t\t\t\t\t\t\t\t\t<img decoding=\"async\" width=\"264\" height=\"105\" src=\"https:\/\/aucoeurdesceltes.com\/wp-content\/uploads\/2023\/08\/VERTfeuillegauche.jpg\" class=\"attachment-large size-large wp-image-332\" alt=\"feuille\" \/>\t\t\t\t\t\t\t\t\t\t\t\t\t\t\t<\/div>\n\t\t\t\t<\/div>\n\t\t\t\t\t<\/div>\n\t\t<\/div>\n\t\t\t\t<div class=\"elementor-column elementor-col-33 elementor-top-column elementor-element elementor-element-1d6716ea\" data-id=\"1d6716ea\" data-element_type=\"column\" data-settings=\"{&quot;background_background&quot;:&quot;classic&quot;}\">\n\t\t\t<div class=\"elementor-widget-wrap elementor-element-populated\">\n\t\t\t\t\t\t<div class=\"elementor-element elementor-element-7f9d2634 elementor-widget elementor-widget-heading\" data-id=\"7f9d2634\" data-element_type=\"widget\" data-widget_type=\"heading.default\">\n\t\t\t\t<div class=\"elementor-widget-container\">\n\t\t\t\t\t<h1 class=\"elementor-heading-title elementor-size-xl\">Fabrication\nde Tambour<\/h1>\t\t\t\t<\/div>\n\t\t\t\t<\/div>\n\t\t\t\t\t<\/div>\n\t\t<\/div>\n\t\t\t\t<div class=\"elementor-column elementor-col-33 elementor-top-column elementor-element elementor-element-c67780e\" data-id=\"c67780e\" data-element_type=\"column\">\n\t\t\t<div class=\"elementor-widget-wrap elementor-element-populated\">\n\t\t\t\t\t\t<div class=\"elementor-element elementor-element-7b4f6631 elementor-widget elementor-widget-image\" data-id=\"7b4f6631\" data-element_type=\"widget\" data-widget_type=\"image.default\">\n\t\t\t\t<div class=\"elementor-widget-container\">\n\t\t\t\t\t\t\t\t\t\t\t\t\t\t\t<img decoding=\"async\" width=\"263\" height=\"108\" src=\"https:\/\/aucoeurdesceltes.com\/wp-content\/uploads\/2023\/08\/VERTfeuillesdroites.jpg\" class=\"attachment-large size-large wp-image-333\" alt=\"feuille\" \/>\t\t\t\t\t\t\t\t\t\t\t\t\t\t\t<\/div>\n\t\t\t\t<\/div>\n\t\t\t\t\t<\/div>\n\t\t<\/div>\n\t\t\t\t\t<\/div>\n\t\t<\/section>\n\t\t\t\t<section class=\"elementor-section elementor-top-section elementor-element elementor-element-fc4c5c2 elementor-section-full_width elementor-section-height-default elementor-section-height-default\" data-id=\"fc4c5c2\" data-element_type=\"section\">\n\t\t\t\t\t\t\t<div class=\"elementor-background-overlay\"><\/div>\n\t\t\t\t\t\t\t<div class=\"elementor-container elementor-column-gap-default\">\n\t\t\t\t\t<div class=\"elementor-column elementor-col-100 elementor-top-column elementor-element elementor-element-29168b2\" data-id=\"29168b2\" data-element_type=\"column\" data-settings=\"{&quot;background_background&quot;:&quot;classic&quot;}\">\n\t\t\t<div class=\"elementor-widget-wrap elementor-element-populated\">\n\t\t\t\t\t\t<div class=\"elementor-element elementor-element-b8eb055 elementor-arrows-position-inside elementor-pagination-position-outside elementor-widget elementor-widget-image-carousel\" data-id=\"b8eb055\" data-element_type=\"widget\" data-settings=\"{&quot;navigation&quot;:&quot;both&quot;,&quot;autoplay&quot;:&quot;yes&quot;,&quot;pause_on_hover&quot;:&quot;yes&quot;,&quot;pause_on_interaction&quot;:&quot;yes&quot;,&quot;autoplay_speed&quot;:5000,&quot;infinite&quot;:&quot;yes&quot;,&quot;speed&quot;:500}\" data-widget_type=\"image-carousel.default\">\n\t\t\t\t<div class=\"elementor-widget-container\">\n\t\t\t\t\t\t\t<div class=\"elementor-image-carousel-wrapper swiper\" role=\"region\" aria-roledescription=\"carousel\" aria-label=\"Carrousel d\u2019images\" dir=\"ltr\">\n\t\t\t<div class=\"elementor-image-carousel swiper-wrapper\" aria-live=\"off\">\n\t\t\t\t\t\t\t\t<div class=\"swiper-slide\" role=\"group\" aria-roledescription=\"slide\" aria-label=\"1 sur 11\"><figure class=\"swiper-slide-inner\"><img decoding=\"async\" class=\"swiper-slide-image\" src=\"https:\/\/aucoeurdesceltes.com\/wp-content\/uploads\/2023\/08\/368401899_1041111977081872_1954840051579012504_n-e1692912253710-270x300.jpg\" alt=\"peau tambour chamanique\" \/><\/figure><\/div><div class=\"swiper-slide\" role=\"group\" aria-roledescription=\"slide\" aria-label=\"2 sur 11\"><figure class=\"swiper-slide-inner\"><img decoding=\"async\" class=\"swiper-slide-image\" src=\"https:\/\/aucoeurdesceltes.com\/wp-content\/uploads\/2023\/08\/366798798_868184294922234_4600279014807363146_n-e1692912284775-300x223.jpg\" alt=\"tambour chamanique\" \/><\/figure><\/div><div class=\"swiper-slide\" role=\"group\" aria-roledescription=\"slide\" aria-label=\"3 sur 11\"><figure class=\"swiper-slide-inner\"><img decoding=\"async\" class=\"swiper-slide-image\" src=\"https:\/\/aucoeurdesceltes.com\/wp-content\/uploads\/2023\/08\/368273268_818352310074024_6677208084671084911_n-225x300.jpg\" alt=\"fabrication tambour bruxelles chamanique\" \/><\/figure><\/div><div class=\"swiper-slide\" role=\"group\" aria-roledescription=\"slide\" aria-label=\"4 sur 11\"><figure class=\"swiper-slide-inner\"><img decoding=\"async\" class=\"swiper-slide-image\" src=\"https:\/\/aucoeurdesceltes.com\/wp-content\/uploads\/2023\/08\/368235701_3579207355732192_8184088454469426750_n-225x300.jpg\" alt=\"tambour chamanique\" \/><\/figure><\/div><div class=\"swiper-slide\" role=\"group\" aria-roledescription=\"slide\" aria-label=\"5 sur 11\"><figure class=\"swiper-slide-inner\"><img decoding=\"async\" class=\"swiper-slide-image\" src=\"https:\/\/aucoeurdesceltes.com\/wp-content\/uploads\/2023\/08\/368324553_331334579244387_2775047337357475604_n-225x300.jpg\" alt=\"tambour chamanique\" \/><\/figure><\/div><div class=\"swiper-slide\" role=\"group\" aria-roledescription=\"slide\" aria-label=\"6 sur 11\"><figure class=\"swiper-slide-inner\"><img decoding=\"async\" class=\"swiper-slide-image\" src=\"https:\/\/aucoeurdesceltes.com\/wp-content\/uploads\/2023\/08\/368295493_818069993376856_2281918888111862597_n-225x300.jpg\" alt=\"tambour chamanique\" \/><\/figure><\/div><div class=\"swiper-slide\" role=\"group\" aria-roledescription=\"slide\" aria-label=\"7 sur 11\"><figure class=\"swiper-slide-inner\"><img decoding=\"async\" class=\"swiper-slide-image\" src=\"https:\/\/aucoeurdesceltes.com\/wp-content\/uploads\/2023\/08\/368273992_1664150690752163_595530715596721179_n-e1692912205472-300x300.jpg\" alt=\"tambour chamanique\" \/><\/figure><\/div><div class=\"swiper-slide\" role=\"group\" aria-roledescription=\"slide\" aria-label=\"8 sur 11\"><figure class=\"swiper-slide-inner\"><img decoding=\"async\" class=\"swiper-slide-image\" src=\"https:\/\/aucoeurdesceltes.com\/wp-content\/uploads\/2023\/08\/368310207_631882685591885_8234390858432877043_n-225x300.jpg\" alt=\"tambour chamanique\" \/><\/figure><\/div><div class=\"swiper-slide\" role=\"group\" aria-roledescription=\"slide\" aria-label=\"9 sur 11\"><figure class=\"swiper-slide-inner\"><img decoding=\"async\" class=\"swiper-slide-image\" src=\"https:\/\/aucoeurdesceltes.com\/wp-content\/uploads\/2023\/08\/368370249_679159953733746_8640446486422853973_n-e1692912410746-300x300.jpg\" alt=\"tambour chamanique\" \/><\/figure><\/div><div class=\"swiper-slide\" role=\"group\" aria-roledescription=\"slide\" aria-label=\"10 sur 11\"><figure class=\"swiper-slide-inner\"><img decoding=\"async\" class=\"swiper-slide-image\" src=\"https:\/\/aucoeurdesceltes.com\/wp-content\/uploads\/2023\/08\/368233020_958351668797065_2167885903222020378_n-e1692912320554-300x300.jpg\" alt=\"tambour chamanique\" \/><\/figure><\/div><div class=\"swiper-slide\" role=\"group\" aria-roledescription=\"slide\" aria-label=\"11 sur 11\"><figure class=\"swiper-slide-inner\"><img decoding=\"async\" class=\"swiper-slide-image\" src=\"https:\/\/aucoeurdesceltes.com\/wp-content\/uploads\/2023\/08\/368177121_1020829062601160_4138533297150028419_n-300x283.jpg\" alt=\"tambour chamanique\" \/><\/figure><\/div>\t\t\t<\/div>\n\t\t\t\t\t\t\t\t\t\t\t\t<div class=\"elementor-swiper-button elementor-swiper-button-prev\" role=\"button\" tabindex=\"0\">\n\t\t\t\t\t\t<i aria-hidden=\"true\" class=\"eicon-chevron-left\"><\/i>\t\t\t\t\t<\/div>\n\t\t\t\t\t<div class=\"elementor-swiper-button elementor-swiper-button-next\" role=\"button\" tabindex=\"0\">\n\t\t\t\t\t\t<i aria-hidden=\"true\" class=\"eicon-chevron-right\"><\/i>\t\t\t\t\t<\/div>\n\t\t\t\t\n\t\t\t\t\t\t\t\t\t<div class=\"swiper-pagination\"><\/div>\n\t\t\t\t\t\t\t\t\t<\/div>\n\t\t\t\t\t\t<\/div>\n\t\t\t\t<\/div>\n\t\t\t\t\t<\/div>\n\t\t<\/div>\n\t\t\t\t\t<\/div>\n\t\t<\/section>\n\t\t\t\t<section class=\"elementor-section elementor-top-section elementor-element elementor-element-60d0931 elementor-section-boxed elementor-section-height-default elementor-section-height-default\" data-id=\"60d0931\" data-element_type=\"section\">\n\t\t\t\t\t\t<div class=\"elementor-container elementor-column-gap-default\">\n\t\t\t\t\t<div class=\"elementor-column elementor-col-100 elementor-top-column elementor-element elementor-element-95f3779\" data-id=\"95f3779\" data-element_type=\"column\">\n\t\t\t<div class=\"elementor-widget-wrap elementor-element-populated\">\n\t\t\t\t\t\t<div class=\"elementor-element elementor-element-5a64cc6 elementor-widget elementor-widget-spacer\" data-id=\"5a64cc6\" data-element_type=\"widget\" data-widget_type=\"spacer.default\">\n\t\t\t\t<div class=\"elementor-widget-container\">\n\t\t\t\t\t\t\t<div class=\"elementor-spacer\">\n\t\t\t<div class=\"elementor-spacer-inner\"><\/div>\n\t\t<\/div>\n\t\t\t\t\t\t<\/div>\n\t\t\t\t<\/div>\n\t\t\t\t\t<\/div>\n\t\t<\/div>\n\t\t\t\t\t<\/div>\n\t\t<\/section>\n\t\t\t\t<section class=\"elementor-section elementor-top-section elementor-element elementor-element-e418cf4 elementor-section-boxed elementor-section-height-default elementor-section-height-default\" data-id=\"e418cf4\" data-element_type=\"section\">\n\t\t\t\t\t\t<div class=\"elementor-container elementor-column-gap-default\">\n\t\t\t\t\t<div class=\"elementor-column elementor-col-100 elementor-top-column elementor-element elementor-element-d048084\" data-id=\"d048084\" data-element_type=\"column\">\n\t\t\t<div class=\"elementor-widget-wrap elementor-element-populated\">\n\t\t\t\t\t\t<div class=\"elementor-element elementor-element-143faf9 e-transform elementor-widget elementor-widget-text-editor\" data-id=\"143faf9\" data-element_type=\"widget\" data-settings=\"{&quot;_transform_translateX_effect&quot;:{&quot;unit&quot;:&quot;px&quot;,&quot;size&quot;:&quot;&quot;,&quot;sizes&quot;:[]},&quot;_transform_translateX_effect_tablet&quot;:{&quot;unit&quot;:&quot;px&quot;,&quot;size&quot;:&quot;&quot;,&quot;sizes&quot;:[]},&quot;_transform_translateX_effect_mobile&quot;:{&quot;unit&quot;:&quot;px&quot;,&quot;size&quot;:&quot;&quot;,&quot;sizes&quot;:[]},&quot;_transform_translateY_effect&quot;:{&quot;unit&quot;:&quot;px&quot;,&quot;size&quot;:&quot;&quot;,&quot;sizes&quot;:[]},&quot;_transform_translateY_effect_tablet&quot;:{&quot;unit&quot;:&quot;px&quot;,&quot;size&quot;:&quot;&quot;,&quot;sizes&quot;:[]},&quot;_transform_translateY_effect_mobile&quot;:{&quot;unit&quot;:&quot;px&quot;,&quot;size&quot;:&quot;&quot;,&quot;sizes&quot;:[]}}\" data-widget_type=\"text-editor.default\">\n\t\t\t\t<div class=\"elementor-widget-container\">\n\t\t\t\t\t\t\t\t\t<p><span style=\"text-decoration: underline;\"><strong>Sentez-vous l&rsquo;appel du tambour?<\/strong><\/span><\/p><p><span style=\"font-style: inherit; font-weight: inherit; letter-spacing: 0px; background-color: var(--ast-global-color-5); color: var(--ast-global-color-3);\">Un tambour chamanique est un objet sacr\u00e9 qui invite au voyage dans le monde invisible mais il est loin de n&rsquo;\u00eatre que \u00e7a.<\/span><span style=\"font-style: inherit; font-weight: inherit; letter-spacing: 0px; color: var(--ast-global-color-3); background-color: var(--ast-global-color-5);\">Le tambour est l\u00e0 pour vous faire vibrer, vous apprendre, vous faire ressentir, vous amener \u00e0 la transe, \u00e0 communier avec les autres visibles &amp; invisibles, \u00e0 soigner par la vibration, \u00e0 vous reconnecter \u00e0 votre coeur et c&rsquo;est sans doute l&rsquo;essentiel!<\/span><\/p>\t\t\t\t\t\t\t\t<\/div>\n\t\t\t\t<\/div>\n\t\t\t\t\t<\/div>\n\t\t<\/div>\n\t\t\t\t\t<\/div>\n\t\t<\/section>\n\t\t\t\t<section class=\"elementor-section elementor-top-section elementor-element elementor-element-69b2703 elementor-section-boxed elementor-section-height-default elementor-section-height-default\" data-id=\"69b2703\" data-element_type=\"section\">\n\t\t\t\t\t\t<div class=\"elementor-container elementor-column-gap-default\">\n\t\t\t\t\t<div class=\"elementor-column elementor-col-100 elementor-top-column elementor-element elementor-element-6deb862\" data-id=\"6deb862\" data-element_type=\"column\">\n\t\t\t<div class=\"elementor-widget-wrap elementor-element-populated\">\n\t\t\t\t\t\t<div class=\"elementor-element elementor-element-300de3f elementor-widget elementor-widget-text-editor\" data-id=\"300de3f\" data-element_type=\"widget\" data-widget_type=\"text-editor.default\">\n\t\t\t\t<div class=\"elementor-widget-container\">\n\t\t\t\t\t\t\t\t\t<p><span style=\"text-decoration: underline;\"><strong>Pourquoi confier la fabrication de son tambour?<\/strong><\/span><\/p>\n<p>Je ne vends pas des tambours, je les mets au monde. Comme le tambour, \u00e0 son tour, mets au monde son gardien.<span style=\"font-style: inherit; font-weight: inherit; background-color: var(--ast-global-color-5); color: var(--ast-global-color-3); letter-spacing: 0px;\">En assemblant un cadre, en trouant la peau, en tirant sur les liens je vais \u00e9couter le tambour me raconter une histoire sur toi.<\/span><\/p>\t\t\t\t\t\t\t\t<\/div>\n\t\t\t\t<\/div>\n\t\t\t\t\t<\/div>\n\t\t<\/div>\n\t\t\t\t\t<\/div>\n\t\t<\/section>\n\t\t\t\t<section class=\"elementor-section elementor-top-section elementor-element elementor-element-30eed97 elementor-section-boxed elementor-section-height-default elementor-section-height-default\" data-id=\"30eed97\" data-element_type=\"section\">\n\t\t\t\t\t\t<div class=\"elementor-container elementor-column-gap-default\">\n\t\t\t\t\t<div class=\"elementor-column elementor-col-100 elementor-top-column elementor-element elementor-element-bb69937\" data-id=\"bb69937\" data-element_type=\"column\">\n\t\t\t<div class=\"elementor-widget-wrap elementor-element-populated\">\n\t\t\t\t\t\t<div class=\"elementor-element elementor-element-7069048 elementor-widget elementor-widget-text-editor\" data-id=\"7069048\" data-element_type=\"widget\" data-widget_type=\"text-editor.default\">\n\t\t\t\t<div class=\"elementor-widget-container\">\n\t\t\t\t\t\t\t\t\t<p><span style=\"text-decoration: underline;\"><strong>Comment une commande de tambour se passe?<\/strong><\/span><\/p>\n<p>Avant tout, lorsque tu me confies la confection du tambour. On va traverser 3 temps.&nbsp;<span style=\"font-style: inherit; font-weight: inherit; background-color: var(--ast-global-color-5); color: var(--ast-global-color-3); letter-spacing: 0px;\">Le premier rendez-vous sera consacr\u00e9 \u00e0 aller gl\u00e2ner des informations sur l&rsquo;\u00e9nergie et les messages du tambour&nbsp;<\/span><span style=\"font-style: inherit; font-weight: inherit; background-color: var(--ast-global-color-5); color: var(--ast-global-color-3); letter-spacing: 0px;\">\u00e0 travers les constellations &amp; les voyages chamaniques. C&rsquo;est aussi le moment o\u00f9 l&rsquo;on va choisir la peau.&nbsp;<\/span><span style=\"font-style: inherit; font-weight: inherit; background-color: var(--ast-global-color-5); color: var(--ast-global-color-3); letter-spacing: 0px;\">Ensuite, je me mettrais au travail dans la mat\u00e9rialisation du tambour.&nbsp;<\/span><span style=\"font-style: inherit; font-weight: inherit; background-color: var(--ast-global-color-5); color: var(--ast-global-color-3); letter-spacing: 0px;\">Et un dernier rendez-vous est fix\u00e9 pour ritualiser le passage.<\/span><\/p>\t\t\t\t\t\t\t\t<\/div>\n\t\t\t\t<\/div>\n\t\t\t\t\t<\/div>\n\t\t<\/div>\n\t\t\t\t\t<\/div>\n\t\t<\/section>\n\t\t\t\t<section class=\"elementor-section elementor-top-section elementor-element elementor-element-e1a24ff elementor-section-boxed elementor-section-height-default elementor-section-height-default\" data-id=\"e1a24ff\" data-element_type=\"section\">\n\t\t\t\t\t\t<div class=\"elementor-container elementor-column-gap-default\">\n\t\t\t\t\t<div class=\"elementor-column elementor-col-100 elementor-top-column elementor-element elementor-element-700f4dc\" data-id=\"700f4dc\" data-element_type=\"column\">\n\t\t\t<div class=\"elementor-widget-wrap elementor-element-populated\">\n\t\t\t\t\t\t<div class=\"elementor-element elementor-element-52e81f6 elementor-widget elementor-widget-text-editor\" data-id=\"52e81f6\" data-element_type=\"widget\" data-widget_type=\"text-editor.default\">\n\t\t\t\t<div class=\"elementor-widget-container\">\n\t\t\t\t\t\t\t\t\t<p><strong>D\u00e8s ta demande formul\u00e9e, la magie du tambour op\u00e8re et les enseignements suivent.&nbsp;<\/strong><\/p>\n<p><strong>C&rsquo;est une travers\u00e9e initiatique en soi: \u00ab\u00a0<\/strong><strong style=\"font-style: inherit; background-color: var(--ast-global-color-5); color: var(--ast-global-color-3); letter-spacing: 0px;\">On ne choisit pas son tambour il nous choisit\u00a0\u00bb.<\/strong><\/p>\t\t\t\t\t\t\t\t<\/div>\n\t\t\t\t<\/div>\n\t\t\t\t\t<\/div>\n\t\t<\/div>\n\t\t\t\t\t<\/div>\n\t\t<\/section>\n\t\t\t\t<section class=\"elementor-section elementor-top-section elementor-element elementor-element-e03ea6e elementor-section-full_width elementor-section-height-default elementor-section-height-default\" data-id=\"e03ea6e\" data-element_type=\"section\" data-settings=\"{&quot;background_background&quot;:&quot;classic&quot;}\">\n\t\t\t\t\t\t<div class=\"elementor-container elementor-column-gap-default\">\n\t\t\t\t\t<div class=\"elementor-column elementor-col-50 elementor-top-column elementor-element elementor-element-0317310\" data-id=\"0317310\" data-element_type=\"column\" data-settings=\"{&quot;background_background&quot;:&quot;classic&quot;}\">\n\t\t\t<div class=\"elementor-widget-wrap elementor-element-populated\">\n\t\t\t\t\t\t<div class=\"elementor-element elementor-element-44483f4 elementor-widget elementor-widget-text-editor\" data-id=\"44483f4\" data-element_type=\"widget\" data-widget_type=\"text-editor.default\">\n\t\t\t\t<div class=\"elementor-widget-container\">\n\t\t\t\t\t\t\t\t\t<h5><span style=\"text-decoration: underline;\">Pout tout renseignement:<\/span><\/h5><h5><span style=\"text-decoration: underline;\"> Contactez-moi au 0476\/876.954<\/span><\/h5>\t\t\t\t\t\t\t\t<\/div>\n\t\t\t\t<\/div>\n\t\t\t\t\t<\/div>\n\t\t<\/div>\n\t\t\t\t<div class=\"elementor-column elementor-col-50 elementor-top-column elementor-element elementor-element-eb33cb7\" data-id=\"eb33cb7\" data-element_type=\"column\">\n\t\t\t<div class=\"elementor-widget-wrap elementor-element-populated\">\n\t\t\t\t\t\t<div class=\"elementor-element elementor-element-581767c elementor-widget elementor-widget-text-editor\" data-id=\"581767c\" data-element_type=\"widget\" data-widget_type=\"text-editor.default\">\n\t\t\t\t<div class=\"elementor-widget-container\">\n\t\t\t\t\t\t\t\t\t<h5><span style=\"text-decoration: underline;\">prix: 400\u20ac\u00a0<\/span><\/h5><h5><span style=\"text-decoration: underline;\">(inclus les 2 RDV, le tambour &amp; la mailloche).\u00a0<\/span><\/h5>\t\t\t\t\t\t\t\t<\/div>\n\t\t\t\t<\/div>\n\t\t\t\t\t<\/div>\n\t\t<\/div>\n\t\t\t\t\t<\/div>\n\t\t<\/section>\n\t\t\t\t<\/div>\n\t\t","protected":false},"excerpt":{"rendered":"<p>Fabrication de Tambour Sentez-vous l&rsquo;appel du tambour? Un tambour chamanique est un objet sacr\u00e9 qui invite au voyage dans le monde invisible mais il est loin de n&rsquo;\u00eatre que \u00e7a.Le &hellip;<\/p>\n<p class=\"read-more\"> <a class=\"\" href=\"https:\/\/aucoeurdesceltes.com\/index.php\/fabrication-de-tambours\/\"> <span class=\"screen-reader-text\">Fabrication de tambours<\/span> Lire la suite\u00a0\u00bb<\/a><\/p>\n","protected":false},"author":1,"featured_media":0,"parent":0,"menu_order":0,"comment_status":"closed","ping_status":"closed","template":"elementor_header_footer","meta":{"site-sidebar-layout":"no-sidebar","site-content-layout":"page-builder","ast-site-content-layout":"full-width-container","site-content-style":"unboxed","site-sidebar-style":"unboxed","ast-global-header-display":"","ast-banner-title-visibility":"","ast-main-header-display":"","ast-hfb-above-header-display":"","ast-hfb-below-header-display":"","ast-hfb-mobile-header-display":"","site-post-title":"disabled","ast-breadcrumbs-content":"","ast-featured-img":"disabled","footer-sml-layout":"","theme-transparent-header-meta":"","adv-header-id-meta":"","stick-header-meta":"","header-above-stick-meta":"","header-main-stick-meta":"","header-below-stick-meta":"","astra-migrate-meta-layouts":"set","footnotes":""},"aioseo_notices":[],"_links":{"self":[{"href":"https:\/\/aucoeurdesceltes.com\/index.php\/wp-json\/wp\/v2\/pages\/30"}],"collection":[{"href":"https:\/\/aucoeurdesceltes.com\/index.php\/wp-json\/wp\/v2\/pages"}],"about":[{"href":"https:\/\/aucoeurdesceltes.com\/index.php\/wp-json\/wp\/v2\/types\/page"}],"author":[{"embeddable":true,"href":"https:\/\/aucoeurdesceltes.com\/index.php\/wp-json\/wp\/v2\/users\/1"}],"replies":[{"embeddable":true,"href":"https:\/\/aucoeurdesceltes.com\/index.php\/wp-json\/wp\/v2\/comments?post=30"}],"version-history":[{"count":35,"href":"https:\/\/aucoeurdesceltes.com\/index.php\/wp-json\/wp\/v2\/pages\/30\/revisions"}],"predecessor-version":[{"id":405,"href":"https:\/\/aucoeurdesceltes.com\/index.php\/wp-json\/wp\/v2\/pages\/30\/revisions\/405"}],"wp:attachment":[{"href":"https:\/\/aucoeurdesceltes.com\/index.php\/wp-json\/wp\/v2\/media?parent=30"}],"curies":[{"name":"wp","href":"https:\/\/api.w.org\/{rel}","templated":true}]}}